{"id":7310,"date":"2024-12-18T14:01:43","date_gmt":"2024-12-18T14:01:43","guid":{"rendered":"https:\/\/www.fgpower.ly\/product\/%d9%85%d9%83%d9%8a%d9%81-%d8%a7%d9%81-%d8%ac%d9%89-%d8%a8%d8%a7%d9%88%d8%b1-12\/"},"modified":"2024-12-24T08:42:00","modified_gmt":"2024-12-24T08:42:00","slug":"fg-power-chigo-12k-air-conditioner","status":"publish","type":"product","link":"https:\/\/www.fgpower.ly\/en\/product\/fg-power-chigo-12k-air-conditioner\/","title":{"rendered":"FG Power\/chigo 12k Air Conditioner"},"content":{"rendered":"","protected":false},"excerpt":{"rendered":"<ul>\n<li>Fast cooling\/Auto restart\/Low noise\/ECO mode\/high-quality compressor\/Soft LED Setting<\/li>\n<li>INDOOR 850\u00d7276\u00d7202mm OUTDOOR 835\u00d7322\u00d7546mm<\/li>\n<li>235 SETS\/40HQ<\/li>\n<\/ul>\n","protected":false},"featured_media":7157,"comment_status":"closed","ping_status":"closed","template":"","meta":{"inline_featured_image":false},"product_cat":[80,128],"product_tag":[],"class_list":{"0":"post-7310","1":"product","2":"type-product","3":"status-publish","4":"has-post-thumbnail","6":"product_cat-air-conditioners","7":"product_cat-normal-air-conditioner-2-pieces-en","9":"first","10":"instock","11":"shipping-taxable","12":"product-type-simple"},"yoast_head":"<!-- This site is optimized with the Yoast SEO plugin v24.1 - https:\/\/yoast.com\/wordpress\/plugins\/seo\/ -->\n<title>FG Power\/chigo 12k Air Conditioner | FG POWER<\/title>\n<meta name=\"description\" content=\"Fast cooling\/Auto restart\/Low noise\/ECO mode\/high-quality compressor\/Soft LED Setting  INDOOR 850\u00d7276\u00d7202mm OUTDOOR 835\u00d7322\u00d7546mm  235 SETS\/40HQ\" \/>\n<meta name=\"robots\" content=\"index, follow, max-snippet:-1, max-image-preview:large, max-video-preview:-1\" \/>\n<link rel=\"canonical\" href=\"https:\/\/www.fgpower.ly\/en\/product\/fg-power-chigo-12k-air-conditioner\/\" \/>\n<meta property=\"og:locale\" content=\"en_US\" \/>\n<meta property=\"og:type\" content=\"article\" \/>\n<meta property=\"og:title\" content=\"FG Power\/chigo 12k Air Conditioner | FG POWER\" \/>\n<meta property=\"og:description\" content=\"Fast cooling\/Auto restart\/Low noise\/ECO mode\/high-quality compressor\/Soft LED Setting  INDOOR 850\u00d7276\u00d7202mm OUTDOOR 835\u00d7322\u00d7546mm  235 SETS\/40HQ\" \/>\n<meta property=\"og:url\" content=\"https:\/\/www.fgpower.ly\/en\/product\/fg-power-chigo-12k-air-conditioner\/\" \/>\n<meta property=\"og:site_name\" content=\"FG POWER\" \/>\n<meta property=\"article:publisher\" content=\"https:\/\/www.facebook.com\/fgpowerlibya\" \/>\n<meta property=\"article:modified_time\" content=\"2024-12-24T08:42:00+00:00\" \/>\n<meta property=\"og:image\" content=\"https:\/\/www.fgpower.ly\/wp-content\/uploads\/2024\/12\/162.jpg\" \/>\n\t<meta property=\"og:image:width\" content=\"800\" \/>\n\t<meta property=\"og:image:height\" content=\"800\" \/>\n\t<meta property=\"og:image:type\" content=\"image\/jpeg\" \/>\n<meta name=\"twitter:card\" content=\"summary_large_image\" \/>\n<script type=\"application\/ld+json\" class=\"yoast-schema-graph\">{\"@context\":\"https:\/\/schema.org\",\"@graph\":[{\"@type\":\"WebPage\",\"@id\":\"https:\/\/www.fgpower.ly\/en\/product\/fg-power-chigo-12k-air-conditioner\/\",\"url\":\"https:\/\/www.fgpower.ly\/en\/product\/fg-power-chigo-12k-air-conditioner\/\",\"name\":\"FG Power\/chigo 12k Air Conditioner | FG POWER\",\"isPartOf\":{\"@id\":\"https:\/\/www.fgpower.ly\/#website\"},\"primaryImageOfPage\":{\"@id\":\"https:\/\/www.fgpower.ly\/en\/product\/fg-power-chigo-12k-air-conditioner\/#primaryimage\"},\"image\":{\"@id\":\"https:\/\/www.fgpower.ly\/en\/product\/fg-power-chigo-12k-air-conditioner\/#primaryimage\"},\"thumbnailUrl\":\"https:\/\/www.fgpower.ly\/wp-content\/uploads\/2024\/12\/162.jpg\",\"datePublished\":\"2024-12-18T14:01:43+00:00\",\"dateModified\":\"2024-12-24T08:42:00+00:00\",\"description\":\"Fast cooling\/Auto restart\/Low noise\/ECO mode\/high-quality compressor\/Soft LED Setting INDOOR 850\u00d7276\u00d7202mm OUTDOOR 835\u00d7322\u00d7546mm 235 SETS\/40HQ\",\"breadcrumb\":{\"@id\":\"https:\/\/www.fgpower.ly\/en\/product\/fg-power-chigo-12k-air-conditioner\/#breadcrumb\"},\"inLanguage\":\"en-US\",\"potentialAction\":[{\"@type\":\"ReadAction\",\"target\":[\"https:\/\/www.fgpower.ly\/en\/product\/fg-power-chigo-12k-air-conditioner\/\"]}]},{\"@type\":\"ImageObject\",\"inLanguage\":\"en-US\",\"@id\":\"https:\/\/www.fgpower.ly\/en\/product\/fg-power-chigo-12k-air-conditioner\/#primaryimage\",\"url\":\"https:\/\/www.fgpower.ly\/wp-content\/uploads\/2024\/12\/162.jpg\",\"contentUrl\":\"https:\/\/www.fgpower.ly\/wp-content\/uploads\/2024\/12\/162.jpg\",\"width\":800,\"height\":800},{\"@type\":\"BreadcrumbList\",\"@id\":\"https:\/\/www.fgpower.ly\/en\/product\/fg-power-chigo-12k-air-conditioner\/#breadcrumb\",\"itemListElement\":[{\"@type\":\"ListItem\",\"position\":1,\"name\":\"Home\",\"item\":\"https:\/\/www.fgpower.ly\/\"},{\"@type\":\"ListItem\",\"position\":2,\"name\":\"Products\",\"item\":\"https:\/\/www.fgpower.ly\/en\/shop\/\"},{\"@type\":\"ListItem\",\"position\":3,\"name\":\"FG Power\/chigo 12k Air Conditioner\"}]},{\"@type\":\"WebSite\",\"@id\":\"https:\/\/www.fgpower.ly\/#website\",\"url\":\"https:\/\/www.fgpower.ly\/\",\"name\":\"FG POWER\",\"description\":\"\u0623\u062d\u062f\u062b \u0627\u0644\u0623\u062c\u0647\u0632\u0629 \u0627\u0644\u0645\u0646\u0632\u0644\u064a\u0629 \u0641\u064a \u0644\u064a\u0628\u064a\u0627\",\"publisher\":{\"@id\":\"https:\/\/www.fgpower.ly\/#organization\"},\"potentialAction\":[{\"@type\":\"SearchAction\",\"target\":{\"@type\":\"EntryPoint\",\"urlTemplate\":\"https:\/\/www.fgpower.ly\/?s={search_term_string}\"},\"query-input\":{\"@type\":\"PropertyValueSpecification\",\"valueRequired\":true,\"valueName\":\"search_term_string\"}}],\"inLanguage\":\"en-US\"},{\"@type\":\"Organization\",\"@id\":\"https:\/\/www.fgpower.ly\/#organization\",\"name\":\"FG POWER\",\"url\":\"https:\/\/www.fgpower.ly\/\",\"logo\":{\"@type\":\"ImageObject\",\"inLanguage\":\"en-US\",\"@id\":\"https:\/\/www.fgpower.ly\/#\/schema\/logo\/image\/\",\"url\":\"https:\/\/www.fgpower.ly\/wp-content\/uploads\/2024\/09\/FG-POWER.png\",\"contentUrl\":\"https:\/\/www.fgpower.ly\/wp-content\/uploads\/2024\/09\/FG-POWER.png\",\"width\":500,\"height\":290,\"caption\":\"FG POWER\"},\"image\":{\"@id\":\"https:\/\/www.fgpower.ly\/#\/schema\/logo\/image\/\"},\"sameAs\":[\"https:\/\/www.facebook.com\/fgpowerlibya\"]}]}<\/script>\n<!-- \/ Yoast SEO plugin. -->","yoast_head_json":{"title":"FG Power\/chigo 12k Air Conditioner | FG POWER","description":"Fast cooling\/Auto restart\/Low noise\/ECO mode\/high-quality compressor\/Soft LED Setting  INDOOR 850\u00d7276\u00d7202mm OUTDOOR 835\u00d7322\u00d7546mm  235 SETS\/40HQ","robots":{"index":"index","follow":"follow","max-snippet":"max-snippet:-1","max-image-preview":"max-image-preview:large","max-video-preview":"max-video-preview:-1"},"canonical":"https:\/\/www.fgpower.ly\/en\/product\/fg-power-chigo-12k-air-conditioner\/","og_locale":"en_US","og_type":"article","og_title":"FG Power\/chigo 12k Air Conditioner | FG POWER","og_description":"Fast cooling\/Auto restart\/Low noise\/ECO mode\/high-quality compressor\/Soft LED Setting  INDOOR 850\u00d7276\u00d7202mm OUTDOOR 835\u00d7322\u00d7546mm  235 SETS\/40HQ","og_url":"https:\/\/www.fgpower.ly\/en\/product\/fg-power-chigo-12k-air-conditioner\/","og_site_name":"FG POWER","article_publisher":"https:\/\/www.facebook.com\/fgpowerlibya","article_modified_time":"2024-12-24T08:42:00+00:00","og_image":[{"width":800,"height":800,"url":"https:\/\/www.fgpower.ly\/wp-content\/uploads\/2024\/12\/162.jpg","type":"image\/jpeg"}],"twitter_card":"summary_large_image","schema":{"@context":"https:\/\/schema.org","@graph":[{"@type":"WebPage","@id":"https:\/\/www.fgpower.ly\/en\/product\/fg-power-chigo-12k-air-conditioner\/","url":"https:\/\/www.fgpower.ly\/en\/product\/fg-power-chigo-12k-air-conditioner\/","name":"FG Power\/chigo 12k Air Conditioner | FG POWER","isPartOf":{"@id":"https:\/\/www.fgpower.ly\/#website"},"primaryImageOfPage":{"@id":"https:\/\/www.fgpower.ly\/en\/product\/fg-power-chigo-12k-air-conditioner\/#primaryimage"},"image":{"@id":"https:\/\/www.fgpower.ly\/en\/product\/fg-power-chigo-12k-air-conditioner\/#primaryimage"},"thumbnailUrl":"https:\/\/www.fgpower.ly\/wp-content\/uploads\/2024\/12\/162.jpg","datePublished":"2024-12-18T14:01:43+00:00","dateModified":"2024-12-24T08:42:00+00:00","description":"Fast cooling\/Auto restart\/Low noise\/ECO mode\/high-quality compressor\/Soft LED Setting INDOOR 850\u00d7276\u00d7202mm OUTDOOR 835\u00d7322\u00d7546mm 235 SETS\/40HQ","breadcrumb":{"@id":"https:\/\/www.fgpower.ly\/en\/product\/fg-power-chigo-12k-air-conditioner\/#breadcrumb"},"inLanguage":"en-US","potentialAction":[{"@type":"ReadAction","target":["https:\/\/www.fgpower.ly\/en\/product\/fg-power-chigo-12k-air-conditioner\/"]}]},{"@type":"ImageObject","inLanguage":"en-US","@id":"https:\/\/www.fgpower.ly\/en\/product\/fg-power-chigo-12k-air-conditioner\/#primaryimage","url":"https:\/\/www.fgpower.ly\/wp-content\/uploads\/2024\/12\/162.jpg","contentUrl":"https:\/\/www.fgpower.ly\/wp-content\/uploads\/2024\/12\/162.jpg","width":800,"height":800},{"@type":"BreadcrumbList","@id":"https:\/\/www.fgpower.ly\/en\/product\/fg-power-chigo-12k-air-conditioner\/#breadcrumb","itemListElement":[{"@type":"ListItem","position":1,"name":"Home","item":"https:\/\/www.fgpower.ly\/"},{"@type":"ListItem","position":2,"name":"Products","item":"https:\/\/www.fgpower.ly\/en\/shop\/"},{"@type":"ListItem","position":3,"name":"FG Power\/chigo 12k Air Conditioner"}]},{"@type":"WebSite","@id":"https:\/\/www.fgpower.ly\/#website","url":"https:\/\/www.fgpower.ly\/","name":"FG POWER","description":"\u0623\u062d\u062f\u062b \u0627\u0644\u0623\u062c\u0647\u0632\u0629 \u0627\u0644\u0645\u0646\u0632\u0644\u064a\u0629 \u0641\u064a \u0644\u064a\u0628\u064a\u0627","publisher":{"@id":"https:\/\/www.fgpower.ly\/#organization"},"potentialAction":[{"@type":"SearchAction","target":{"@type":"EntryPoint","urlTemplate":"https:\/\/www.fgpower.ly\/?s={search_term_string}"},"query-input":{"@type":"PropertyValueSpecification","valueRequired":true,"valueName":"search_term_string"}}],"inLanguage":"en-US"},{"@type":"Organization","@id":"https:\/\/www.fgpower.ly\/#organization","name":"FG POWER","url":"https:\/\/www.fgpower.ly\/","logo":{"@type":"ImageObject","inLanguage":"en-US","@id":"https:\/\/www.fgpower.ly\/#\/schema\/logo\/image\/","url":"https:\/\/www.fgpower.ly\/wp-content\/uploads\/2024\/09\/FG-POWER.png","contentUrl":"https:\/\/www.fgpower.ly\/wp-content\/uploads\/2024\/09\/FG-POWER.png","width":500,"height":290,"caption":"FG POWER"},"image":{"@id":"https:\/\/www.fgpower.ly\/#\/schema\/logo\/image\/"},"sameAs":["https:\/\/www.facebook.com\/fgpowerlibya"]}]}},"_links":{"self":[{"href":"https:\/\/www.fgpower.ly\/en\/wp-json\/wp\/v2\/product\/7310","targetHints":{"allow":["GET"]}}],"collection":[{"href":"https:\/\/www.fgpower.ly\/en\/wp-json\/wp\/v2\/product"}],"about":[{"href":"https:\/\/www.fgpower.ly\/en\/wp-json\/wp\/v2\/types\/product"}],"replies":[{"embeddable":true,"href":"https:\/\/www.fgpower.ly\/en\/wp-json\/wp\/v2\/comments?post=7310"}],"wp:featuredmedia":[{"embeddable":true,"href":"https:\/\/www.fgpower.ly\/en\/wp-json\/wp\/v2\/media\/7157"}],"wp:attachment":[{"href":"https:\/\/www.fgpower.ly\/en\/wp-json\/wp\/v2\/media?parent=7310"}],"wp:term":[{"taxonomy":"product_cat","embeddable":true,"href":"https:\/\/www.fgpower.ly\/en\/wp-json\/wp\/v2\/product_cat?post=7310"},{"taxonomy":"product_tag","embeddable":true,"href":"https:\/\/www.fgpower.ly\/en\/wp-json\/wp\/v2\/product_tag?post=7310"}],"curies":[{"name":"wp","href":"https:\/\/api.w.org\/{rel}","templated":true}]}}